{"id":3554,"date":"2025-08-17T12:29:18","date_gmt":"2025-08-17T12:29:18","guid":{"rendered":"https:\/\/littleinnovator.com\/?post_type=product&#038;p=3554"},"modified":"2025-08-24T21:46:59","modified_gmt":"2025-08-24T21:46:59","slug":"tote-bag-painting-workshop","status":"publish","type":"product","link":"https:\/\/littleinnovator.com\/index.php\/product\/tote-bag-painting-workshop\/","title":{"rendered":"Tote Bag Painting Workshop"},"content":{"rendered":"<p><span dir=\"auto\" style=\"vertical-align: inherit;\"><span dir=\"auto\" style=\"vertical-align: inherit;\">Bu at\u00f6lyede \u00e7ocuklar, canl\u0131 renkler ve yarat\u0131c\u0131 desenler kullanarak kendi bez \u00e7antalar\u0131n\u0131 tasarlay\u0131p s\u00fcsleyecekler. Karalamalardan \u00f6zg\u00fcn tasar\u0131mlara kadar her \u00e7ocuk, basit bir \u00e7antay\u0131 ki\u015fisel bir \u015fahesere d\u00f6n\u00fc\u015ft\u00fcrecek. Bu etkinlik, kendini ifade etmeyi te\u015fvik eder, sanatsal \u00f6zg\u00fcveni geli\u015ftirir ve \u00e7ocuklara her g\u00fcn gururla kullanabilecekleri e\u011flenceli bir aksesuar sunar.<\/span><\/span><\/p>\n","protected":false},"excerpt":{"rendered":"<p>Bu at\u00f6lyede \u00e7ocuklar, canl\u0131 renkler ve yarat\u0131c\u0131 desenler kullanarak kendi bez \u00e7antalar\u0131n\u0131 tasarlay\u0131p s\u00fcsleyecekler. Karalamalardan \u00f6zg\u00fcn tasar\u0131mlara kadar her \u00e7ocuk, basit bir \u00e7antay\u0131 ki\u015fisel bir \u015fahesere d\u00f6n\u00fc\u015ft\u00fcrecek. Bu etkinlik, kendini ifade etmeyi te\u015fvik eder, sanatsal \u00f6zg\u00fcveni geli\u015ftirir ve \u00e7ocuklara her g\u00fcn gururla kullanabilecekleri e\u011flenceli bir aksesuar sunar.<\/p>\n","protected":false},"featured_media":3569,"comment_status":"open","ping_status":"closed","template":"","meta":[],"product_brand":[],"product_cat":[22],"product_tag":[72,78],"class_list":{"0":"post-3554","1":"product","2":"type-product","3":"status-publish","4":"has-post-thumbnail","6":"product_cat-courses","7":"product_tag-little-innovator","8":"product_tag-tote-bag-painting-workshop","10":"first","11":"instock","12":"taxable","13":"shipping-taxable","14":"purchasable","15":"product-type-simple"},"_links":{"self":[{"href":"https:\/\/littleinnovator.com\/index.php\/wp-json\/wp\/v2\/product\/3554","targetHints":{"allow":["GET"]}}],"collection":[{"href":"https:\/\/littleinnovator.com\/index.php\/wp-json\/wp\/v2\/product"}],"about":[{"href":"https:\/\/littleinnovator.com\/index.php\/wp-json\/wp\/v2\/types\/product"}],"replies":[{"embeddable":true,"href":"https:\/\/littleinnovator.com\/index.php\/wp-json\/wp\/v2\/comments?post=3554"}],"wp:featuredmedia":[{"embeddable":true,"href":"https:\/\/littleinnovator.com\/index.php\/wp-json\/wp\/v2\/media\/3569"}],"wp:attachment":[{"href":"https:\/\/littleinnovator.com\/index.php\/wp-json\/wp\/v2\/media?parent=3554"}],"wp:term":[{"taxonomy":"product_brand","embeddable":true,"href":"https:\/\/littleinnovator.com\/index.php\/wp-json\/wp\/v2\/product_brand?post=3554"},{"taxonomy":"product_cat","embeddable":true,"href":"https:\/\/littleinnovator.com\/index.php\/wp-json\/wp\/v2\/product_cat?post=3554"},{"taxonomy":"product_tag","embeddable":true,"href":"https:\/\/littleinnovator.com\/index.php\/wp-json\/wp\/v2\/product_tag?post=3554"}],"curies":[{"name":"wp","href":"https:\/\/api.w.org\/{rel}","templated":true}]}}