{"id":3545,"date":"2025-08-17T12:14:33","date_gmt":"2025-08-17T12:14:33","guid":{"rendered":"https:\/\/littleinnovator.com\/?post_type=product&#038;p=3545"},"modified":"2025-08-17T12:50:02","modified_gmt":"2025-08-17T12:50:02","slug":"origami-workshop","status":"publish","type":"product","link":"https:\/\/littleinnovator.com\/index.php\/product\/origami-workshop\/","title":{"rendered":"Origami Workshop"},"content":{"rendered":"<p><span dir=\"auto\" style=\"vertical-align: inherit;\"><span dir=\"auto\" style=\"vertical-align: inherit;\">Bu at\u00f6lyede \u00e7ocuklar, ka\u011f\u0131d\u0131 katlayarak hayvanlara, \u00e7i\u00e7eklere ve yarat\u0131c\u0131 \u015fekillere d\u00f6n\u00fc\u015ft\u00fcrmenin b\u00fcy\u00fcs\u00fcn\u00fc ke\u015ffedecekler. Ad\u0131m ad\u0131m, basit bir ka\u011f\u0131t par\u00e7as\u0131n\u0131n nas\u0131l sanata d\u00f6n\u00fc\u015febilece\u011fini \u00f6\u011frenecekler. Origami, \u00e7ocuklara geometri, simetri ve yarat\u0131c\u0131l\u0131\u011f\u0131 ke\u015ffetmeleri i\u00e7in e\u011flenceli bir yol sunarken, hayal g\u00fcc\u00fcn\u00fc harekete ge\u00e7irirken sab\u0131r ve odaklanmay\u0131 da geli\u015ftirir.<\/span><\/span><\/p>\n","protected":false},"excerpt":{"rendered":"<p>Bu at\u00f6lyede \u00e7ocuklar, ka\u011f\u0131d\u0131 katlayarak hayvanlara, \u00e7i\u00e7eklere ve yarat\u0131c\u0131 \u015fekillere d\u00f6n\u00fc\u015ft\u00fcrmenin b\u00fcy\u00fcs\u00fcn\u00fc ke\u015ffedecekler. Ad\u0131m ad\u0131m, basit bir ka\u011f\u0131t par\u00e7as\u0131n\u0131n nas\u0131l sanata d\u00f6n\u00fc\u015febilece\u011fini \u00f6\u011frenecekler. Origami, \u00e7ocuklara geometri, simetri ve yarat\u0131c\u0131l\u0131\u011f\u0131 ke\u015ffetmeleri i\u00e7in e\u011flenceli bir yol sunarken, hayal g\u00fcc\u00fcn\u00fc harekete ge\u00e7irirken sab\u0131r ve odaklanmay\u0131 da geli\u015ftirir.<\/p>\n","protected":false},"featured_media":3565,"comment_status":"open","ping_status":"closed","template":"","meta":[],"product_brand":[],"product_cat":[22],"product_tag":[72,76],"class_list":{"0":"post-3545","1":"product","2":"type-product","3":"status-publish","4":"has-post-thumbnail","6":"product_cat-courses","7":"product_tag-little-innovator","8":"product_tag-origami-workshop","10":"first","11":"instock","12":"taxable","13":"shipping-taxable","14":"product-type-simple"},"_links":{"self":[{"href":"https:\/\/littleinnovator.com\/index.php\/wp-json\/wp\/v2\/product\/3545","targetHints":{"allow":["GET"]}}],"collection":[{"href":"https:\/\/littleinnovator.com\/index.php\/wp-json\/wp\/v2\/product"}],"about":[{"href":"https:\/\/littleinnovator.com\/index.php\/wp-json\/wp\/v2\/types\/product"}],"replies":[{"embeddable":true,"href":"https:\/\/littleinnovator.com\/index.php\/wp-json\/wp\/v2\/comments?post=3545"}],"wp:featuredmedia":[{"embeddable":true,"href":"https:\/\/littleinnovator.com\/index.php\/wp-json\/wp\/v2\/media\/3565"}],"wp:attachment":[{"href":"https:\/\/littleinnovator.com\/index.php\/wp-json\/wp\/v2\/media?parent=3545"}],"wp:term":[{"taxonomy":"product_brand","embeddable":true,"href":"https:\/\/littleinnovator.com\/index.php\/wp-json\/wp\/v2\/product_brand?post=3545"},{"taxonomy":"product_cat","embeddable":true,"href":"https:\/\/littleinnovator.com\/index.php\/wp-json\/wp\/v2\/product_cat?post=3545"},{"taxonomy":"product_tag","embeddable":true,"href":"https:\/\/littleinnovator.com\/index.php\/wp-json\/wp\/v2\/product_tag?post=3545"}],"curies":[{"name":"wp","href":"https:\/\/api.w.org\/{rel}","templated":true}]}}