{"id":3539,"date":"2025-08-17T12:07:36","date_gmt":"2025-08-17T12:07:36","guid":{"rendered":"https:\/\/littleinnovator.com\/?post_type=product&#038;p=3539"},"modified":"2025-08-17T12:50:21","modified_gmt":"2025-08-17T12:50:21","slug":"pot-painting-planting-workshop","status":"publish","type":"product","link":"https:\/\/littleinnovator.com\/index.php\/product\/pot-painting-planting-workshop\/","title":{"rendered":"Pot Painting &#038; Planting Workshop"},"content":{"rendered":"<p><span dir=\"auto\" style=\"vertical-align: inherit;\"><span dir=\"auto\" style=\"vertical-align: inherit;\">\u00c7ocuklar kendi saks\u0131lar\u0131n\u0131 boyay\u0131p i\u00e7lerine k\u00fc\u00e7\u00fck bir sukulent dikerek hem hayat\u0131 hem de rengi bir araya getirecekler. Tek bir etkinlikte hem sanat\u0131 hem de do\u011fay\u0131 ke\u015ffedecekler: Renkleri se\u00e7ecek, e\u011flenceli desenler \u00e7izecek ve bir bitkiye nas\u0131l bakacaklar\u0131n\u0131 \u00f6\u011frenecekler. Her \u00e7ocuk, evde gururla sergileyebilece\u011fi, canl\u0131 ve s\u00fcsl\u00fc bir eserle ayr\u0131l\u0131yor.<\/span><\/span><\/p>\n","protected":false},"excerpt":{"rendered":"<p>\u00c7ocuklar kendi saks\u0131lar\u0131n\u0131 boyay\u0131p i\u00e7lerine k\u00fc\u00e7\u00fck bir sukulent dikerek hem hayat\u0131 hem de rengi bir araya getirecekler. Tek bir etkinlikte hem sanat\u0131 hem de do\u011fay\u0131 ke\u015ffedecekler: Renkleri se\u00e7ecek, e\u011flenceli desenler \u00e7izecek ve bir bitkiye nas\u0131l bakacaklar\u0131n\u0131 \u00f6\u011frenecekler. Her \u00e7ocuk, evde gururla sergileyebilece\u011fi, canl\u0131 ve s\u00fcsl\u00fc bir eserle ayr\u0131l\u0131yor.<\/p>\n","protected":false},"featured_media":3567,"comment_status":"open","ping_status":"closed","template":"","meta":[],"product_brand":[],"product_cat":[22],"product_tag":[72,75],"class_list":{"0":"post-3539","1":"product","2":"type-product","3":"status-publish","4":"has-post-thumbnail","6":"product_cat-courses","7":"product_tag-little-innovator","8":"product_tag-pot-painting-planting-workshop","10":"first","11":"instock","12":"taxable","13":"shipping-taxable","14":"product-type-simple"},"_links":{"self":[{"href":"https:\/\/littleinnovator.com\/index.php\/wp-json\/wp\/v2\/product\/3539","targetHints":{"allow":["GET"]}}],"collection":[{"href":"https:\/\/littleinnovator.com\/index.php\/wp-json\/wp\/v2\/product"}],"about":[{"href":"https:\/\/littleinnovator.com\/index.php\/wp-json\/wp\/v2\/types\/product"}],"replies":[{"embeddable":true,"href":"https:\/\/littleinnovator.com\/index.php\/wp-json\/wp\/v2\/comments?post=3539"}],"wp:featuredmedia":[{"embeddable":true,"href":"https:\/\/littleinnovator.com\/index.php\/wp-json\/wp\/v2\/media\/3567"}],"wp:attachment":[{"href":"https:\/\/littleinnovator.com\/index.php\/wp-json\/wp\/v2\/media?parent=3539"}],"wp:term":[{"taxonomy":"product_brand","embeddable":true,"href":"https:\/\/littleinnovator.com\/index.php\/wp-json\/wp\/v2\/product_brand?post=3539"},{"taxonomy":"product_cat","embeddable":true,"href":"https:\/\/littleinnovator.com\/index.php\/wp-json\/wp\/v2\/product_cat?post=3539"},{"taxonomy":"product_tag","embeddable":true,"href":"https:\/\/littleinnovator.com\/index.php\/wp-json\/wp\/v2\/product_tag?post=3539"}],"curies":[{"name":"wp","href":"https:\/\/api.w.org\/{rel}","templated":true}]}}