{"id":3533,"date":"2025-08-17T11:53:09","date_gmt":"2025-08-17T11:53:09","guid":{"rendered":"https:\/\/littleinnovator.com\/?post_type=product&#038;p=3533"},"modified":"2025-08-17T12:50:41","modified_gmt":"2025-08-17T12:50:41","slug":"bag-sewing-workshop","status":"publish","type":"product","link":"https:\/\/littleinnovator.com\/index.php\/product\/bag-sewing-workshop\/","title":{"rendered":"Bag Sewing Workshop"},"content":{"rendered":"<p><span dir=\"auto\" style=\"vertical-align: inherit;\"><span dir=\"auto\" style=\"vertical-align: inherit;\">\u00c7ocuklar, ba\u015ftan sona kendi \u00e7antalar\u0131n\u0131 tasarlayarak diki\u015fin keyfini \u00f6\u011frenecekler. Basit diki\u015fler ve renkli kuma\u015flarla gururla kullanabilecekleri bir \u00e7anta tasarlay\u0131p, birle\u015ftirip s\u00fcsleyebilecekler. Bu at\u00f6lye, yarat\u0131c\u0131l\u0131\u011f\u0131 pratik becerilerle e\u011flenceli ve \u00e7ocuk dostu bir \u015fekilde harmanl\u0131yor.<\/span><\/span><\/p>\n","protected":false},"excerpt":{"rendered":"<p>\u00c7ocuklar, ba\u015ftan sona kendi \u00e7antalar\u0131n\u0131 tasarlayarak diki\u015fin keyfini \u00f6\u011frenecekler. Basit diki\u015fler ve renkli kuma\u015flarla gururla kullanabilecekleri bir \u00e7anta tasarlay\u0131p, birle\u015ftirip s\u00fcsleyebilecekler. Bu at\u00f6lye, yarat\u0131c\u0131l\u0131\u011f\u0131 pratik becerilerle e\u011flenceli ve \u00e7ocuk dostu bir \u015fekilde harmanl\u0131yor.<\/p>\n","protected":false},"featured_media":3563,"comment_status":"open","ping_status":"closed","template":"","meta":[],"product_brand":[],"product_cat":[22],"product_tag":[74,72],"class_list":{"0":"post-3533","1":"product","2":"type-product","3":"status-publish","4":"has-post-thumbnail","6":"product_cat-courses","7":"product_tag-bag-sewing-workshop","8":"product_tag-little-innovator","10":"first","11":"instock","12":"taxable","13":"shipping-taxable","14":"product-type-simple"},"_links":{"self":[{"href":"https:\/\/littleinnovator.com\/index.php\/wp-json\/wp\/v2\/product\/3533","targetHints":{"allow":["GET"]}}],"collection":[{"href":"https:\/\/littleinnovator.com\/index.php\/wp-json\/wp\/v2\/product"}],"about":[{"href":"https:\/\/littleinnovator.com\/index.php\/wp-json\/wp\/v2\/types\/product"}],"replies":[{"embeddable":true,"href":"https:\/\/littleinnovator.com\/index.php\/wp-json\/wp\/v2\/comments?post=3533"}],"wp:featuredmedia":[{"embeddable":true,"href":"https:\/\/littleinnovator.com\/index.php\/wp-json\/wp\/v2\/media\/3563"}],"wp:attachment":[{"href":"https:\/\/littleinnovator.com\/index.php\/wp-json\/wp\/v2\/media?parent=3533"}],"wp:term":[{"taxonomy":"product_brand","embeddable":true,"href":"https:\/\/littleinnovator.com\/index.php\/wp-json\/wp\/v2\/product_brand?post=3533"},{"taxonomy":"product_cat","embeddable":true,"href":"https:\/\/littleinnovator.com\/index.php\/wp-json\/wp\/v2\/product_cat?post=3533"},{"taxonomy":"product_tag","embeddable":true,"href":"https:\/\/littleinnovator.com\/index.php\/wp-json\/wp\/v2\/product_tag?post=3533"}],"curies":[{"name":"wp","href":"https:\/\/api.w.org\/{rel}","templated":true}]}}