{"id":3528,"date":"2025-08-17T11:37:59","date_gmt":"2025-08-17T11:37:59","guid":{"rendered":"https:\/\/littleinnovator.com\/?post_type=product&#038;p=3528"},"modified":"2025-08-17T12:51:15","modified_gmt":"2025-08-17T12:51:15","slug":"soap-making-workshop","status":"publish","type":"product","link":"https:\/\/littleinnovator.com\/index.php\/product\/soap-making-workshop\/","title":{"rendered":"Soap Making Workshop"},"content":{"rendered":"<h3 data-start=\"245\" data-end=\"265\"><span dir=\"auto\" style=\"vertical-align: inherit;\"><span dir=\"auto\" style=\"vertical-align: inherit;\">At\u00f6lye Hakk\u0131nda<\/span><\/span><\/h3>\n<p data-start=\"266\" data-end=\"587\"><span dir=\"auto\" style=\"vertical-align: inherit;\"><span dir=\"auto\" style=\"vertical-align: inherit;\">\u00c7ocuklar, g\u00fcvenli ve \u00e7ocuk dostu malzemeler kullanarak renkli ve e\u011flenceli \u015fekilli sabunlar yaparak sabun yap\u0131m sanat\u0131n\u0131 ke\u015ffedecekler. Renkleri kar\u0131\u015ft\u0131rabilir, kokular\u0131 se\u00e7ebilir ve kendi tasar\u0131mlar\u0131n\u0131 kal\u0131plara d\u00f6kebilirler. Bu uygulamal\u0131 at\u00f6lye, yarat\u0131c\u0131l\u0131\u011f\u0131 duyusal ke\u015fifle birle\u015ftirerek her \u00e7ocu\u011fun benzersiz eseriyle gurur duymas\u0131n\u0131 sa\u011flar.<\/span><\/span><\/p>\n","protected":false},"excerpt":{"rendered":"<p>At\u00f6lye Hakk\u0131nda \u00c7ocuklar, g\u00fcvenli ve \u00e7ocuk dostu malzemeler kullanarak renkli ve e\u011flenceli \u015fekilli sabunlar yaparak sabun yap\u0131m sanat\u0131n\u0131 ke\u015ffedecekler. Renkleri kar\u0131\u015ft\u0131rabilir, kokular\u0131 se\u00e7ebilir ve kendi tasar\u0131mlar\u0131n\u0131 kal\u0131plara d\u00f6kebilirler. Bu uygulamal\u0131 at\u00f6lye, yarat\u0131c\u0131l\u0131\u011f\u0131 duyusal ke\u015fifle birle\u015ftirerek her \u00e7ocu\u011fun benzersiz eseriyle gurur duymas\u0131n\u0131 sa\u011flar.<\/p>\n","protected":false},"featured_media":3568,"comment_status":"open","ping_status":"closed","template":"","meta":[],"product_brand":[],"product_cat":[22],"product_tag":[72,73],"class_list":{"0":"post-3528","1":"product","2":"type-product","3":"status-publish","4":"has-post-thumbnail","6":"product_cat-courses","7":"product_tag-little-innovator","8":"product_tag-soap-making-workshop","10":"first","11":"instock","12":"taxable","13":"shipping-taxable","14":"product-type-simple"},"_links":{"self":[{"href":"https:\/\/littleinnovator.com\/index.php\/wp-json\/wp\/v2\/product\/3528","targetHints":{"allow":["GET"]}}],"collection":[{"href":"https:\/\/littleinnovator.com\/index.php\/wp-json\/wp\/v2\/product"}],"about":[{"href":"https:\/\/littleinnovator.com\/index.php\/wp-json\/wp\/v2\/types\/product"}],"replies":[{"embeddable":true,"href":"https:\/\/littleinnovator.com\/index.php\/wp-json\/wp\/v2\/comments?post=3528"}],"wp:featuredmedia":[{"embeddable":true,"href":"https:\/\/littleinnovator.com\/index.php\/wp-json\/wp\/v2\/media\/3568"}],"wp:attachment":[{"href":"https:\/\/littleinnovator.com\/index.php\/wp-json\/wp\/v2\/media?parent=3528"}],"wp:term":[{"taxonomy":"product_brand","embeddable":true,"href":"https:\/\/littleinnovator.com\/index.php\/wp-json\/wp\/v2\/product_brand?post=3528"},{"taxonomy":"product_cat","embeddable":true,"href":"https:\/\/littleinnovator.com\/index.php\/wp-json\/wp\/v2\/product_cat?post=3528"},{"taxonomy":"product_tag","embeddable":true,"href":"https:\/\/littleinnovator.com\/index.php\/wp-json\/wp\/v2\/product_tag?post=3528"}],"curies":[{"name":"wp","href":"https:\/\/api.w.org\/{rel}","templated":true}]}}