{"id":3521,"date":"2025-08-17T11:26:28","date_gmt":"2025-08-17T11:26:28","guid":{"rendered":"https:\/\/littleinnovator.com\/?post_type=product&#038;p=3521"},"modified":"2025-08-17T12:51:40","modified_gmt":"2025-08-17T12:51:40","slug":"pizza-making-workshop","status":"publish","type":"product","link":"https:\/\/littleinnovator.com\/index.php\/product\/pizza-making-workshop\/","title":{"rendered":"Pizza Making Workshop"},"content":{"rendered":"<h3 data-start=\"277\" data-end=\"297\"><span dir=\"auto\" style=\"vertical-align: inherit;\"><span dir=\"auto\" style=\"vertical-align: inherit;\">At\u00f6lye Hakk\u0131nda<\/span><\/span><\/h3>\n<p data-start=\"298\" data-end=\"644\"><span dir=\"auto\" style=\"vertical-align: inherit;\"><span dir=\"auto\" style=\"vertical-align: inherit;\">\u00c7ocuklar, kendi pizzalar\u0131n\u0131 s\u0131f\u0131rdan yaparak yemek pi\u015firmenin e\u011flenceli d\u00fcnyas\u0131na ad\u0131m atacaklar! <\/span><\/span><strong data-start=\"398\" data-end=\"437\"><span dir=\"auto\" style=\"vertical-align: inherit;\"><span dir=\"auto\" style=\"vertical-align: inherit;\">Tovla Jr. Ultimate Pizza Yap\u0131m Seti&#8217;ni<\/span><\/span><\/strong><span dir=\"auto\" style=\"vertical-align: inherit;\"><span dir=\"auto\" style=\"vertical-align: inherit;\"> kullanarak \u00e7ocuklar hamurlar\u0131n\u0131 \u015fekillendirecek, en sevdikleri malzemeleri ekleyecek ve gururla afiyetle yiyebilecekleri lezzetli yemekler pi\u015firecekler. Bu at\u00f6lye, yarat\u0131c\u0131l\u0131\u011f\u0131, ekip \u00e7al\u0131\u015fmas\u0131n\u0131 ve yemek yoluyla uygulamal\u0131 \u00f6\u011frenmeyi te\u015fvik etmek i\u00e7in tasarlanm\u0131\u015ft\u0131r.<\/span><\/span><\/p>\n","protected":false},"excerpt":{"rendered":"<p>At\u00f6lye Hakk\u0131nda \u00c7ocuklar, kendi pizzalar\u0131n\u0131 s\u0131f\u0131rdan yaparak yemek pi\u015firmenin e\u011flenceli d\u00fcnyas\u0131na ad\u0131m atacaklar! Tovla Jr. Ultimate Pizza Yap\u0131m Seti&#8217;ni kullanarak \u00e7ocuklar hamurlar\u0131n\u0131 \u015fekillendirecek, en sevdikleri malzemeleri ekleyecek ve gururla afiyetle yiyebilecekleri lezzetli yemekler pi\u015firecekler. Bu at\u00f6lye, yarat\u0131c\u0131l\u0131\u011f\u0131, ekip \u00e7al\u0131\u015fmas\u0131n\u0131 ve yemek yoluyla uygulamal\u0131 \u00f6\u011frenmeyi te\u015fvik etmek i\u00e7in tasarlanm\u0131\u015ft\u0131r.<\/p>\n","protected":false},"featured_media":3566,"comment_status":"open","ping_status":"closed","template":"","meta":[],"product_brand":[],"product_cat":[22],"product_tag":[72,71],"class_list":{"0":"post-3521","1":"product","2":"type-product","3":"status-publish","4":"has-post-thumbnail","6":"product_cat-courses","7":"product_tag-little-innovator","8":"product_tag-pizza-making-workshop","10":"first","11":"instock","12":"taxable","13":"shipping-taxable","14":"product-type-simple"},"_links":{"self":[{"href":"https:\/\/littleinnovator.com\/index.php\/wp-json\/wp\/v2\/product\/3521","targetHints":{"allow":["GET"]}}],"collection":[{"href":"https:\/\/littleinnovator.com\/index.php\/wp-json\/wp\/v2\/product"}],"about":[{"href":"https:\/\/littleinnovator.com\/index.php\/wp-json\/wp\/v2\/types\/product"}],"replies":[{"embeddable":true,"href":"https:\/\/littleinnovator.com\/index.php\/wp-json\/wp\/v2\/comments?post=3521"}],"wp:featuredmedia":[{"embeddable":true,"href":"https:\/\/littleinnovator.com\/index.php\/wp-json\/wp\/v2\/media\/3566"}],"wp:attachment":[{"href":"https:\/\/littleinnovator.com\/index.php\/wp-json\/wp\/v2\/media?parent=3521"}],"wp:term":[{"taxonomy":"product_brand","embeddable":true,"href":"https:\/\/littleinnovator.com\/index.php\/wp-json\/wp\/v2\/product_brand?post=3521"},{"taxonomy":"product_cat","embeddable":true,"href":"https:\/\/littleinnovator.com\/index.php\/wp-json\/wp\/v2\/product_cat?post=3521"},{"taxonomy":"product_tag","embeddable":true,"href":"https:\/\/littleinnovator.com\/index.php\/wp-json\/wp\/v2\/product_tag?post=3521"}],"curies":[{"name":"wp","href":"https:\/\/api.w.org\/{rel}","templated":true}]}}